{"id":508,"date":"2018-04-16T08:25:31","date_gmt":"2018-04-16T06:25:31","guid":{"rendered":"http:\/\/natsat.bplaced.net\/?page_id=21"},"modified":"2020-11-01T17:22:49","modified_gmt":"2020-11-01T17:22:49","slug":"vorstand","status":"publish","type":"page","link":"http:\/\/www.austria-australia.at\/?page_id=508","title":{"rendered":"Verein"},"content":{"rendered":"<h3 style=\"text-align: center;\"><span style=\"color: #dd3333;\">Vorstandsmitglieder<\/span><\/h3>\n<p style=\"text-align: center;\"><strong><img loading=\"lazy\" decoding=\"async\" class=\"aligncenter wp-image-101\" src=\"http:\/\/www.austria-australia.at\/wp-content\/uploads\/2018\/04\/lop-150x150.png\" alt=\"\" width=\"130\" height=\"142\" srcset=\"http:\/\/www.austria-australia.at\/wp-content\/uploads\/2018\/04\/lop-275x300.png 275w, http:\/\/www.austria-australia.at\/wp-content\/uploads\/2018\/04\/lop.png 300w\" sizes=\"(max-width: 130px) 100vw, 130px\" \/>Pr\u00e4sident: <\/strong><strong>Dr. Reinhold Lopatka<\/strong><\/p>\n<p style=\"text-align: center;\">E-Mail: <span id=\"cloakb4af33c1ade6f3559467b55a39ccacdb\">R.Lopatka(at)gmx.at<\/span><br \/>\nWebpage: www.lopatka.at<\/p>\n<p style=\"text-align: center;\">Themen: Au\u00dfenkontakte und Kontakte zur australischen Botschaft<\/p>\n<hr \/>\n<p style=\"text-align: center;\"><img loading=\"lazy\" decoding=\"async\" class=\"alignnone size-full wp-image-108\" src=\"http:\/\/www.austria-australia.at\/wp-content\/uploads\/2018\/04\/dob.png\" alt=\"\" width=\"130\" height=\"141\" \/><\/p>\n<p style=\"text-align: center;\"><strong>Vizepr\u00e4sident, Kassier-Stv.: Wolfgang Dobias<\/strong><\/p>\n<p style=\"text-align: center;\">E-Mail: <span id=\"cloak9cccac3712d787394af4e10f8429143e\">dobiaswolfgang(at)yahoo.com<\/span><\/p>\n<p style=\"text-align: center;\">Themen: Kultur, Geschichte, Wirtschaft, bilaterale und konsularische Angelegenheiten<\/p>\n<hr \/>\n<p style=\"text-align: center;\"><img loading=\"lazy\" decoding=\"async\" class=\"alignnone wp-image-113\" src=\"http:\/\/www.austria-australia.at\/wp-content\/uploads\/2018\/04\/tabor-150x150.png\" alt=\"\" width=\"130\" height=\"140\" srcset=\"http:\/\/www.austria-australia.at\/wp-content\/uploads\/2018\/04\/tabor-279x300.png 279w, http:\/\/www.austria-australia.at\/wp-content\/uploads\/2018\/04\/tabor.png 300w\" sizes=\"(max-width: 130px) 100vw, 130px\" \/><\/p>\n<p style=\"text-align: center;\"><strong>Vizepr\u00e4sident: Hannes Taborsky<\/strong><\/p>\n<p style=\"text-align: center;\">E-Mail: <span id=\"cloak49968e0f67523ee548830e331d2f1bec\">hannes_taborsky(at)hotmail.com<br \/>\n<\/span><br \/>\nThemen: Kontakte zwischen \u00d6sterreich und Australien intensivieren, M\u00f6glichkeiten zum Austausch er\u00f6ffnen<\/p>\n<hr \/>\n<div class=\"crate\" style=\"text-align: center;\">\n<div class=\"item-page\">\n<div>\n<p><img loading=\"lazy\" decoding=\"async\" class=\"alignnone wp-image-392\" src=\"http:\/\/www.austria-australia.at\/wp-content\/uploads\/2018\/10\/FleckRe.png\" alt=\"\" width=\"130\" height=\"130\" srcset=\"http:\/\/www.austria-australia.at\/wp-content\/uploads\/2018\/10\/FleckRe.png 279w, http:\/\/www.austria-australia.at\/wp-content\/uploads\/2018\/10\/FleckRe-150x150.png 150w\" sizes=\"(max-width: 130px) 100vw, 130px\" \/><\/p>\n<p><strong>Generalsekret\u00e4r: DDI Mag. Reinhard Fleck<\/strong><\/p>\n<p>E-Mail: <span id=\"cloakbfbf573a7fa3720a666cf0aff0c97df4\">oeag.fleck(at)gmail.com<br \/>\n<\/span><br \/>\nThemen:\u00a0 Kultur, Wissenschaft und Bildung,<br \/>\nBeziehungen \u00d6sterreich \u2013 Australien, u.a. mit \u00d6sterreicherInnen-Clubs in Australien,<br \/>\nBeziehungen zu anderen bilateralen Freundschaftsgesellschaften<\/p>\n<hr \/>\n<p><img loading=\"lazy\" decoding=\"async\" class=\"alignnone wp-image-118\" src=\"http:\/\/www.austria-australia.at\/wp-content\/uploads\/2018\/04\/gb-150x150.png\" alt=\"\" width=\"130\" height=\"130\" srcset=\"http:\/\/www.austria-australia.at\/wp-content\/uploads\/2018\/04\/gb-150x150.png 150w, http:\/\/www.austria-australia.at\/wp-content\/uploads\/2018\/04\/gb.png 300w\" sizes=\"(max-width: 130px) 100vw, 130px\" \/><\/p>\n<p><strong>Kassier: <\/strong><strong>Dr. Gerhard Berka<\/strong><\/p>\n<p>E-Mail: <span id=\"cloake783f0f32da3c6c0c8e7111c5df6a929\">gerhard.berka(at)gmail.com<br \/>\n<\/span><br \/>\nThemen: Kommunikation, Public Relations und Networking. Fachthemen: Wissenschaftskommunikation und Kooperation, sowie Forschung+Entwicklung und Innovation<\/p>\n<hr \/>\n<p><img loading=\"lazy\" decoding=\"async\" class=\"wp-image-391 aligncenter\" src=\"http:\/\/www.austria-australia.at\/wp-content\/uploads\/2018\/10\/B-Foto-rund-2018.png\" alt=\"\" width=\"130\" height=\"130\" srcset=\"http:\/\/www.austria-australia.at\/wp-content\/uploads\/2018\/10\/B-Foto-rund-2018.png 478w, http:\/\/www.austria-australia.at\/wp-content\/uploads\/2018\/10\/B-Foto-rund-2018-300x300.png 300w, http:\/\/www.austria-australia.at\/wp-content\/uploads\/2018\/10\/B-Foto-rund-2018-150x150.png 150w\" sizes=\"(max-width: 130px) 100vw, 130px\" \/><\/p>\n<p><strong>Schriftf\u00fchrerin: Mag. Brenda Laky, PhD<br \/>\n<\/strong><\/p>\n<p>E-Mail: brendalaky(at)yahoo.de<\/p>\n<p>Themen: Kontakte mit \u00f6sterreichischen Australiern und australischen \u00d6sterreichern.<br \/>\nSchwerpunkte in der medizinischen Wissenschaft\/Forschung<br \/>\neinschlie\u00dflich Ern\u00e4hrungswissenschaft.<\/p>\n<\/div>\n<\/div>\n<hr \/>\n<div class=\"item-page\">\n<div>\n<p>(o)<\/p>\n<p><strong>Schriftf\u00fchrerin-Stv.: DI Birgit Weber<br \/>\n<\/strong><\/p>\n<p>Themen:<\/p>\n<\/div>\n<\/div>\n<hr \/>\n<\/div>\n<div class=\"grid_9\">\n<div class=\"crate\">\n<div class=\"item-page\">\n<div>\n<p><img loading=\"lazy\" decoding=\"async\" class=\"wp-image-120 aligncenter\" src=\"http:\/\/www.austria-australia.at\/wp-content\/uploads\/2018\/04\/frko.png\" alt=\"\" width=\"130\" height=\"130\" srcset=\"http:\/\/www.austria-australia.at\/wp-content\/uploads\/2018\/04\/frko.png 924w, http:\/\/www.austria-australia.at\/wp-content\/uploads\/2018\/04\/frko-300x300.png 300w, http:\/\/www.austria-australia.at\/wp-content\/uploads\/2018\/04\/frko-150x150.png 150w, http:\/\/www.austria-australia.at\/wp-content\/uploads\/2018\/04\/frko-768x768.png 768w\" sizes=\"(max-width: 130px) 100vw, 130px\" \/><\/p>\n<p style=\"text-align: center;\"><strong>Board Member: Franz Kornhoffer<\/strong><\/p>\n<hr \/>\n<p><img loading=\"lazy\" decoding=\"async\" class=\"wp-image-119 aligncenter\" src=\"http:\/\/www.austria-australia.at\/wp-content\/uploads\/2018\/04\/egraf-150x150.png\" alt=\"\" width=\"130\" height=\"130\" srcset=\"http:\/\/www.austria-australia.at\/wp-content\/uploads\/2018\/04\/egraf-150x150.png 150w, http:\/\/www.austria-australia.at\/wp-content\/uploads\/2018\/04\/egraf-300x300.png 300w, http:\/\/www.austria-australia.at\/wp-content\/uploads\/2018\/04\/egraf.png 400w\" sizes=\"(max-width: 130px) 100vw, 130px\" \/><\/p>\n<\/div>\n<div>\n<p style=\"text-align: center;\"><strong>Board Member: Edith Grafl, M.A.<\/strong><\/p>\n<p style=\"text-align: center;\">Themen: Ankn\u00fcpfung von Auslandskontakten<\/p>\n<hr \/>\n<p style=\"text-align: center;\"><strong>\u00a0<\/strong><\/p>\n<p style=\"text-align: center;\">\n<\/div>\n<\/div>\n<\/div>\n<\/div>\n","protected":false},"excerpt":{"rendered":"<p>Vorstandsmitglieder Pr\u00e4sident: Dr. Reinhold Lopatka E-Mail: R.Lopatka(at)gmx.at Webpage: www.lopatka.at Themen: Au\u00dfenkontakte und Kontakte zur australischen Botschaft Vizepr\u00e4sident, Kassier-Stv.: Wolfgang Dobias E-Mail: dobiaswolfgang(at)yahoo.com Themen: Kultur, Geschichte, Wirtschaft, bilaterale und konsularische Angelegenheiten Vizepr\u00e4sident: Hannes Taborsky E-Mail: hannes_taborsky(at)hotmail.com Themen: Kontakte zwischen \u00d6sterreich und Australien intensivieren, M\u00f6glichkeiten zum Austausch er\u00f6ffnen Generalsekret\u00e4r: DDI Mag. Reinhard Fleck E-Mail: oeag.fleck(at)gmail.com Themen:\u00a0 Kultur, &#8230;<br \/><a class=\"read-more-link btn btn-outline-secondary\" href=\"http:\/\/www.austria-australia.at\/?page_id=508\">Weiter lesen<\/a><\/p>\n","protected":false},"author":1,"featured_media":0,"parent":0,"menu_order":0,"comment_status":"closed","ping_status":"closed","template":"","meta":{"footnotes":""},"_links":{"self":[{"href":"http:\/\/www.austria-australia.at\/index.php?rest_route=\/wp\/v2\/pages\/508"}],"collection":[{"href":"http:\/\/www.austria-australia.at\/index.php?rest_route=\/wp\/v2\/pages"}],"about":[{"href":"http:\/\/www.austria-australia.at\/index.php?rest_route=\/wp\/v2\/types\/page"}],"author":[{"embeddable":true,"href":"http:\/\/www.austria-australia.at\/index.php?rest_route=\/wp\/v2\/users\/1"}],"replies":[{"embeddable":true,"href":"http:\/\/www.austria-australia.at\/index.php?rest_route=%2Fwp%2Fv2%2Fcomments&post=508"}],"version-history":[{"count":2,"href":"http:\/\/www.austria-australia.at\/index.php?rest_route=\/wp\/v2\/pages\/508\/revisions"}],"predecessor-version":[{"id":534,"href":"http:\/\/www.austria-australia.at\/index.php?rest_route=\/wp\/v2\/pages\/508\/revisions\/534"}],"wp:attachment":[{"href":"http:\/\/www.austria-australia.at\/index.php?rest_route=%2Fwp%2Fv2%2Fmedia&parent=508"}],"curies":[{"name":"wp","href":"https:\/\/api.w.org\/{rel}","templated":true}]}}